{"id":3156,"date":"2026-04-02T18:34:35","date_gmt":"2026-04-02T16:34:35","guid":{"rendered":"https:\/\/dent-tex.com\/?page_id=3156"},"modified":"2026-04-03T21:37:50","modified_gmt":"2026-04-03T19:37:50","slug":"impressum-2","status":"publish","type":"page","link":"https:\/\/dent-tex.com\/en\/impressum-2\/","title":{"rendered":"Impressum"},"content":{"rendered":"<p>Angaben gem\u00e4\u00df \u00a7 5 TMG<\/p>\n\n\n\n<p>Dent Tex \u2013 Alexander Ziegler<br>Inhaber: Alexander Ziegler<br>Ulmenstra\u00dfe 20\/1<br>71069 Sindelfingen<\/p>\n\n\n\n<p>Contact<\/p>\n\n\n\n<p>Telefon: 07031 \/ 7892942<br>Mobil: 0152 \/ 58075635<br>E-Mail: dent-tex@outlook.de <\/p>\n\n\n\n<p>Umsatzsteuer-ID<\/p>\n\n\n\n<p>Umsatzsteuer-Identifikationsnummer gem\u00e4\u00df \u00a7 27 a Umsatzsteuergesetz:<br>DE301633657<\/p>\n\n\n\n<p>Verantwortlich f\u00fcr den Inhalt nach \u00a7 18 Abs. 2 MStV<\/p>\n\n\n\n<p>Alexander Ziegler<br>Ulmenstra\u00dfe 20\/1<br>71069 Sindelfingen<\/p>\n\n\n\n<p>EU-Streitschlichtung<\/p>\n\n\n\n<p>Die Europ\u00e4ische Kommission stellt eine Plattform zur Online-Streitbeilegung (OS) bereit:<br><a href=\"https:\/\/ec.europa.eu\/consumers\/odr\/\">https:\/\/ec.europa.eu\/consumers\/odr\/<\/a><\/p>\n\n\n\n<p>Unsere E-Mail-Adresse finden Sie oben im Impressum.<\/p>\n\n\n\n<p>Verbraucherstreitbeilegung \/ Universalschlichtungsstelle<\/p>\n\n\n\n<p>Wir sind nicht bereit oder verpflichtet, an Streitbeilegungsverfahren vor einer Verbraucherschlichtungsstelle teilzunehmen.<\/p>\n\n\n\n<p>Haftung f\u00fcr Inhalte<\/p>\n\n\n\n<p>Als Diensteanbieter sind wir gem\u00e4\u00df \u00a7 7 Abs.1 TMG f\u00fcr eigene Inhalte auf diesen Seiten nach den allgemeinen Gesetzen verantwortlich.<br>Nach \u00a7\u00a7 8 bis 10 TMG sind wir als Diensteanbieter jedoch nicht verpflichtet, \u00fcbermittelte oder gespeicherte fremde Informationen zu \u00fcberwachen oder nach Umst\u00e4nden zu forschen, die auf eine rechtswidrige T\u00e4tigkeit hinweisen.<\/p>\n\n\n\n<p>Haftung f\u00fcr Links<\/p>\n\n\n\n<p>Unser Angebot enth\u00e4lt Links zu externen Websites Dritter, auf deren Inhalte wir keinen Einfluss haben.<br>Deshalb k\u00f6nnen wir f\u00fcr diese fremden Inhalte keine Gew\u00e4hr \u00fcbernehmen. F\u00fcr die Inhalte der verlinkten Seiten ist stets der jeweilige Anbieter oder Betreiber der Seiten verantwortlich.<\/p>\n\n\n\n<p>Urheberrecht<\/p>\n\n\n\n<p>Die durch die Seitenbetreiber erstellten Inhalte und Werke auf diesen Seiten unterliegen dem deutschen Urheberrecht.<br>Die Vervielf\u00e4ltigung, Bearbeitung, Verbreitung und jede Art der Verwertung au\u00dferhalb der Grenzen des Urheberrechtes bed\u00fcrfen der schriftlichen Zustimmung des jeweiligen Autors bzw. Erstellers.<\/p>\n\n\n\n<p>Site Notice<\/p>\n\n\n\n<p>Information according to Sec. 5 German Telemedia Act (TMG)<\/p>\n\n\n\n<p>Dent Tex \u2013 Alexander Ziegler<br>Owner: Alexander Ziegler<br>Ulmenstra\u00dfe 20\/1<br>71069 Sindelfingen<br>Germany<\/p>\n\n\n\n<p>Contact<\/p>\n\n\n\n<p>Phone: +49 7031 7892942<br>Mobile: +49 152 58075635<br>Email:\u00a0dent-tex@outlook.de<\/p>\n\n\n\n<p>VAT<\/p>\n\n\n\n<p>VAT ID according to Sec. 27 a German Value Added Tax Act:<br>DE301633657<\/p>\n\n\n\n<p>Dispute Resolution<\/p>\n\n\n\n<p>The European Commission provides a platform for online dispute resolution (OS):<br><a href=\"https:\/\/ec.europa.eu\/consumers\/odr\/\">https:\/\/ec.europa.eu\/consumers\/odr\/<\/a><\/p>\n\n\n\n<p>We are not willing or obliged to participate in dispute resolution proceedings before a consumer arbitration board.<\/p>\n\n\n\n<p>Liability for Contents<\/p>\n\n\n\n<p>As a service provider, we are responsible for our own content on these pages according to general laws.<br>However, according to Sec. 8 to 10 TMG, we are not obliged to monitor transmitted or stored third-party information.<\/p>\n\n\n\n<p>Liability for Links<\/p>\n\n\n\n<p>Our offer contains links to external third-party websites over whose content we have no influence.<br>Therefore, we cannot assume any liability for these external contents.<\/p>\n\n\n\n<p>Copyright<\/p>\n\n\n\n<p>The content and works created by the site operators on these pages are subject to German copyright law.<\/p>\n\n\n\n<p><\/p>","protected":false},"excerpt":{"rendered":"<p>Angaben gem\u00e4\u00df \u00a7 5 TMG Dent Tex \u2013 Alexander ZieglerInhaber: Alexander ZieglerUlmenstra\u00dfe 20\/171069 Sindelfingen Kontakt Telefon: 07031 \/ 7892942Mobil: 0152 \/ 58075635E-Mail: dent-tex@outlook.de Umsatzsteuer-ID Umsatzsteuer-Identifikationsnummer gem\u00e4\u00df \u00a7 27 a Umsatzsteuergesetz:DE301633657 Verantwortlich f\u00fcr den Inhalt nach \u00a7 18 Abs. 2 MStV Alexander ZieglerUlmenstra\u00dfe 20\/171069 Sindelfingen EU-Streitschlichtung Die Europ\u00e4ische Kommission stellt eine Plattform zur Online-Streitbeilegung (OS) bereit:https:\/\/ec.europa.eu\/consumers\/odr\/ [&hellip;]<\/p>\n","protected":false},"author":1,"featured_media":0,"parent":0,"menu_order":0,"comment_status":"closed","ping_status":"closed","template":"","meta":{"site-sidebar-layout":"default","site-content-layout":"","ast-site-content-layout":"default","site-content-style":"default","site-sidebar-style":"default","ast-global-header-display":"","ast-banner-title-visibility":"","ast-main-header-display":"","ast-hfb-above-header-display":"","ast-hfb-below-header-display":"","ast-hfb-mobile-header-display":"","site-post-title":"","ast-breadcrumbs-content":"","ast-featured-img":"","footer-sml-layout":"","ast-disable-related-posts":"","theme-transparent-header-meta":"","adv-header-id-meta":"","stick-header-meta":"","header-above-stick-meta":"","header-main-stick-meta":"","header-below-stick-meta":"","astra-migrate-meta-layouts":"set","ast-page-background-enabled":"default","ast-page-background-meta":{"desktop":{"background-color":"","background-image":"","background-repeat":"repeat","background-position":"center center","background-size":"auto","background-attachment":"scroll","background-type":"","background-media":"","overlay-type":"","overlay-color":"","overlay-opacity":"","overlay-gradient":""},"tablet":{"background-color":"","background-image":"","background-repeat":"repeat","background-position":"center center","background-size":"auto","background-attachment":"scroll","background-type":"","background-media":"","overlay-type":"","overlay-color":"","overlay-opacity":"","overlay-gradient":""},"mobile":{"background-color":"","background-image":"","background-repeat":"repeat","background-position":"center center","background-size":"auto","background-attachment":"scroll","background-type":"","background-media":"","overlay-type":"","overlay-color":"","overlay-opacity":"","overlay-gradient":""}},"ast-content-background-meta":{"desktop":{"background-color":"var(--ast-global-color-5)","background-image":"","background-repeat":"repeat","background-position":"center center","background-size":"auto","background-attachment":"scroll","background-type":"","background-media":"","overlay-type":"","overlay-color":"","overlay-opacity":"","overlay-gradient":""},"tablet":{"background-color":"var(--ast-global-color-5)","background-image":"","background-repeat":"repeat","background-position":"center center","background-size":"auto","background-attachment":"scroll","background-type":"","background-media":"","overlay-type":"","overlay-color":"","overlay-opacity":"","overlay-gradient":""},"mobile":{"background-color":"var(--ast-global-color-5)","background-image":"","background-repeat":"repeat","background-position":"center center","background-size":"auto","background-attachment":"scroll","background-type":"","background-media":"","overlay-type":"","overlay-color":"","overlay-opacity":"","overlay-gradient":""}},"footnotes":""},"class_list":["post-3156","page","type-page","status-publish","hentry"],"_links":{"self":[{"href":"https:\/\/dent-tex.com\/en\/wp-json\/wp\/v2\/pages\/3156","targetHints":{"allow":["GET"]}}],"collection":[{"href":"https:\/\/dent-tex.com\/en\/wp-json\/wp\/v2\/pages"}],"about":[{"href":"https:\/\/dent-tex.com\/en\/wp-json\/wp\/v2\/types\/page"}],"author":[{"embeddable":true,"href":"https:\/\/dent-tex.com\/en\/wp-json\/wp\/v2\/users\/1"}],"replies":[{"embeddable":true,"href":"https:\/\/dent-tex.com\/en\/wp-json\/wp\/v2\/comments?post=3156"}],"version-history":[{"count":4,"href":"https:\/\/dent-tex.com\/en\/wp-json\/wp\/v2\/pages\/3156\/revisions"}],"predecessor-version":[{"id":3261,"href":"https:\/\/dent-tex.com\/en\/wp-json\/wp\/v2\/pages\/3156\/revisions\/3261"}],"wp:attachment":[{"href":"https:\/\/dent-tex.com\/en\/wp-json\/wp\/v2\/media?parent=3156"}],"curies":[{"name":"wp","href":"https:\/\/api.w.org\/{rel}","templated":true}]}}