{"id":230,"date":"2026-04-02T08:48:33","date_gmt":"2026-04-02T06:48:33","guid":{"rendered":"https:\/\/dent-tex.com\/our-staff\/"},"modified":"2026-04-03T14:36:55","modified_gmt":"2026-04-03T12:36:55","slug":"team","status":"publish","type":"page","link":"https:\/\/dent-tex.com\/en\/team\/","title":{"rendered":"Our Team"},"content":{"rendered":"\t\t<div data-elementor-type=\"wp-post\" data-elementor-id=\"230\" class=\"elementor elementor-230\">\n\t\t\t\t<div class=\"elementor-element elementor-element-2c4fdd7 e-flex e-con-boxed e-con e-parent\" data-id=\"2c4fdd7\" data-element_type=\"container\" data-e-type=\"container\" data-settings=\"{&quot;background_background&quot;:&quot;classic&quot;}\">\n\t\t\t\t\t<div class=\"e-con-inner\">\n\t\t<div class=\"elementor-element elementor-element-e319c7a e-con-full e-flex e-con e-child\" data-id=\"e319c7a\" data-element_type=\"container\" data-e-type=\"container\">\n\t\t\t\t<div class=\"elementor-element elementor-element-18cc39a elementor-widget elementor-widget-heading\" data-id=\"18cc39a\" data-element_type=\"widget\" data-e-type=\"widget\" data-widget_type=\"heading.default\">\n\t\t\t\t<div class=\"elementor-widget-container\">\n\t\t\t\t\t<h6 class=\"elementor-heading-title elementor-size-default\">Unser Team<\/h6>\t\t\t\t<\/div>\n\t\t\t\t<\/div>\n\t\t\t\t<div class=\"elementor-element elementor-element-3d7a8b8 elementor-widget elementor-widget-heading\" data-id=\"3d7a8b8\" data-element_type=\"widget\" data-e-type=\"widget\" data-widget_type=\"heading.default\">\n\t\t\t\t<div class=\"elementor-widget-container\">\n\t\t\t\t\t<h1 class=\"elementor-heading-title elementor-size-default\">Zusammenarbeit, die man merkt.<\/h1>\t\t\t\t<\/div>\n\t\t\t\t<\/div>\n\t\t\t\t<div class=\"elementor-element elementor-element-688f409 elementor-widget-divider--view-line elementor-widget elementor-widget-divider\" data-id=\"688f409\" data-element_type=\"widget\" data-e-type=\"widget\" data-widget_type=\"divider.default\">\n\t\t\t\t<div class=\"elementor-widget-container\">\n\t\t\t\t\t\t\t<div class=\"elementor-divider\">\n\t\t\t<span class=\"elementor-divider-separator\">\n\t\t\t\t\t\t<\/span>\n\t\t<\/div>\n\t\t\t\t\t\t<\/div>\n\t\t\t\t<\/div>\n\t\t\t\t<div class=\"elementor-element elementor-element-585fdc1 elementor-widget elementor-widget-text-editor\" data-id=\"585fdc1\" data-element_type=\"widget\" data-e-type=\"widget\" data-widget_type=\"text-editor.default\">\n\t\t\t\t<div class=\"elementor-widget-container\">\n\t\t\t\t\t\t\t\t\t<p>Hinter Dent Tex steht ein eingespieltes Team aus Fachkr\u00e4ften mit einer klaren Haltung: Jeder wei\u00df, was zu tun ist, \u00fcbernimmt Verantwortung f\u00fcr seinen Bereich und hat den Anspruch saubere Arbeiten zu liefern und L\u00f6sungen zu finden die \u00fcber den einzelnen Auftrag hinaus gehen.<\/p><p>Wir arbeiten strukturiert, unterst\u00fctzen uns gegenseitig und achten darauf, dass Abl\u00e4ufe reibungslos funktionieren. Das sp\u00fcrt man im Umgang &#8211; und sieht man im Ergebnis.\u00a0<\/p>\t\t\t\t\t\t\t\t<\/div>\n\t\t\t\t<\/div>\n\t\t\t\t<\/div>\n\t\t\t\t\t<\/div>\n\t\t\t\t<\/div>\n\t\t<div class=\"elementor-element elementor-element-dc5c5f3 e-flex e-con-boxed e-con e-parent\" data-id=\"dc5c5f3\" data-element_type=\"container\" data-e-type=\"container\">\n\t\t\t\t\t<div class=\"e-con-inner\">\n\t\t<div class=\"elementor-element elementor-element-f6d93f4 e-con-full e-flex e-con e-child\" data-id=\"f6d93f4\" data-element_type=\"container\" data-e-type=\"container\">\n\t\t<div class=\"elementor-element elementor-element-fa98f7a e-con-full e-flex e-con e-child\" data-id=\"fa98f7a\" data-element_type=\"container\" data-e-type=\"container\">\n\t\t<div class=\"elementor-element elementor-element-f0d227f e-con-full e-flex e-con e-child\" data-id=\"f0d227f\" data-element_type=\"container\" data-e-type=\"container\">\n\t\t\t\t<div class=\"elementor-element elementor-element-0c34aa0 elementor-widget elementor-widget-heading\" data-id=\"0c34aa0\" data-element_type=\"widget\" data-e-type=\"widget\" data-widget_type=\"heading.default\">\n\t\t\t\t<div class=\"elementor-widget-container\">\n\t\t\t\t\t<h2 class=\"elementor-heading-title elementor-size-default\">Die Menschen hinter Dent Tex<\/h2>\t\t\t\t<\/div>\n\t\t\t\t<\/div>\n\t\t\t\t<div class=\"elementor-element elementor-element-096a11e elementor-widget-divider--view-line elementor-widget elementor-widget-divider\" data-id=\"096a11e\" data-element_type=\"widget\" data-e-type=\"widget\" data-widget_type=\"divider.default\">\n\t\t\t\t<div class=\"elementor-widget-container\">\n\t\t\t\t\t\t\t<div class=\"elementor-divider\">\n\t\t\t<span class=\"elementor-divider-separator\">\n\t\t\t\t\t\t<\/span>\n\t\t<\/div>\n\t\t\t\t\t\t<\/div>\n\t\t\t\t<\/div>\n\t\t\t\t<\/div>\n\t\t\t\t<\/div>\n\t\t<div class=\"elementor-element elementor-element-91c91dd e-flex e-con-boxed e-con e-child\" data-id=\"91c91dd\" data-element_type=\"container\" data-e-type=\"container\">\n\t\t\t\t\t<div class=\"e-con-inner\">\n\t\t<div class=\"elementor-element elementor-element-d53d726 e-con-full e-flex e-con e-child\" data-id=\"d53d726\" data-element_type=\"container\" data-e-type=\"container\">\n\t\t\t\t<div class=\"elementor-element elementor-element-971e31a elementor-widget elementor-widget-image\" data-id=\"971e31a\" data-element_type=\"widget\" data-e-type=\"widget\" data-widget_type=\"image.default\">\n\t\t\t\t<div class=\"elementor-widget-container\">\n\t\t\t\t\t\t\t\t\t\t\t\t\t\t\t<img fetchpriority=\"high\" decoding=\"async\" width=\"1024\" height=\"352\" src=\"https:\/\/dent-tex.com\/wp-content\/uploads\/2026\/04\/Logo_Neu-1-1024x352.png\" class=\"attachment-large size-large wp-image-3176\" alt=\"logo neu.png\" srcset=\"https:\/\/dent-tex.com\/wp-content\/uploads\/2026\/04\/Logo_Neu-1-1024x352.png 1024w, https:\/\/dent-tex.com\/wp-content\/uploads\/2026\/04\/Logo_Neu-1-300x103.png 300w, https:\/\/dent-tex.com\/wp-content\/uploads\/2026\/04\/Logo_Neu-1-768x264.png 768w, https:\/\/dent-tex.com\/wp-content\/uploads\/2026\/04\/Logo_Neu-1.png 1046w\" sizes=\"(max-width: 1024px) 100vw, 1024px\" title=\"Unser Team\">\t\t\t\t\t\t\t\t\t\t\t\t\t\t\t<\/div>\n\t\t\t\t<\/div>\n\t\t\t\t<\/div>\n\t\t<div class=\"elementor-element elementor-element-8d5fcd9 e-con-full e-flex e-con e-child\" data-id=\"8d5fcd9\" data-element_type=\"container\" data-e-type=\"container\" data-settings=\"{&quot;background_background&quot;:&quot;classic&quot;}\">\n\t\t\t\t<div class=\"elementor-element elementor-element-ffff64e elementor-vertical-align-top elementor-widget elementor-widget-image-box\" data-id=\"ffff64e\" data-element_type=\"widget\" data-e-type=\"widget\" data-widget_type=\"image-box.default\">\n\t\t\t\t<div class=\"elementor-widget-container\">\n\t\t\t\t\t<div class=\"elementor-image-box-wrapper\"><div class=\"elementor-image-box-content\"><h4 class=\"elementor-image-box-title\">Alexander Zielger<\/h4><p class=\"elementor-image-box-description\">Inhaber &amp; Gesch\u00e4ftsf\u00fchrer<\/p><\/div><\/div>\t\t\t\t<\/div>\n\t\t\t\t<\/div>\n\t\t\t\t<div class=\"elementor-element elementor-element-2c0ae79 elementor-widget elementor-widget-text-editor\" data-id=\"2c0ae79\" data-element_type=\"widget\" data-e-type=\"widget\" data-widget_type=\"text-editor.default\">\n\t\t\t\t<div class=\"elementor-widget-container\">\n\t\t\t\t\t\t\t\t\t<p>Karosserie- und Fahrzeugbauer mit jahrzehntelanger Erfahrung in der Branche und Zusatzqualifikationen, unter anderem im Bereich Oldtimer-Restauration. Verantwortlich f\u00fcr die fachliche Ausrichtung, Kundenaquise, Terminplanung und Kalkulation &#8211; Ihr Ansprechpartner bei Anfragen. Mit viel Erfahrung und einem klaren Blick f\u00fcr L\u00f6sungen sorgt er daf\u00fcr, dass Projekte effizient und sauber umgesetzt werden.<\/p>\t\t\t\t\t\t\t\t<\/div>\n\t\t\t\t<\/div>\n\t\t\t\t<\/div>\n\t\t\t\t\t<\/div>\n\t\t\t\t<\/div>\n\t\t<div class=\"elementor-element elementor-element-37340e6 e-flex e-con-boxed e-con e-child\" data-id=\"37340e6\" data-element_type=\"container\" data-e-type=\"container\">\n\t\t\t\t\t<div class=\"e-con-inner\">\n\t\t<div class=\"elementor-element elementor-element-9e3f8eb e-con-full e-flex e-con e-child\" data-id=\"9e3f8eb\" data-element_type=\"container\" data-e-type=\"container\">\n\t\t\t\t<div class=\"elementor-element elementor-element-60c1d99 elementor-widget elementor-widget-image\" data-id=\"60c1d99\" data-element_type=\"widget\" data-e-type=\"widget\" data-widget_type=\"image.default\">\n\t\t\t\t<div class=\"elementor-widget-container\">\n\t\t\t\t\t\t\t\t\t\t\t\t\t\t\t<img decoding=\"async\" src=\"https:\/\/dent-tex.com\/wp-content\/uploads\/elementor\/thumbs\/cropped-Logo_Neu-rlf8cixavbm6a3ksitcrkd41qn2z6pgffvwamjyzpk.png\" title=\"logo neu\" alt=\"logo neu\" loading=\"lazy\" \/>\t\t\t\t\t\t\t\t\t\t\t\t\t\t\t<\/div>\n\t\t\t\t<\/div>\n\t\t\t\t<\/div>\n\t\t<div class=\"elementor-element elementor-element-6cfb912 e-con-full e-flex e-con e-child\" data-id=\"6cfb912\" data-element_type=\"container\" data-e-type=\"container\" data-settings=\"{&quot;background_background&quot;:&quot;classic&quot;}\">\n\t\t\t\t<div class=\"elementor-element elementor-element-29acc15 elementor-widget elementor-widget-image-box\" data-id=\"29acc15\" data-element_type=\"widget\" data-e-type=\"widget\" data-widget_type=\"image-box.default\">\n\t\t\t\t<div class=\"elementor-widget-container\">\n\t\t\t\t\t<div class=\"elementor-image-box-wrapper\"><div class=\"elementor-image-box-content\"><h5 class=\"elementor-image-box-title\">Heidi Zielger<\/h5><p class=\"elementor-image-box-description\">Organisation und Buchhaltung<\/p><\/div><\/div>\t\t\t\t<\/div>\n\t\t\t\t<\/div>\n\t\t\t\t<div class=\"elementor-element elementor-element-f436f6d elementor-widget elementor-widget-text-editor\" data-id=\"f436f6d\" data-element_type=\"widget\" data-e-type=\"widget\" data-widget_type=\"text-editor.default\">\n\t\t\t\t<div class=\"elementor-widget-container\">\n\t\t\t\t\t\t\t\t\t<article class=\"text-token-text-primary w-full focus:outline-none [--shadow-height:45px] has-data-writing-block:pointer-events-none has-data-writing-block:-mt-(--shadow-height) has-data-writing-block:pt-(--shadow-height) [&amp;:has([data-writing-block])&gt;*]:pointer-events-auto [content-visibility:auto] supports-[content-visibility:auto]:[contain-intrinsic-size:auto_100lvh] scroll-mt-[calc(var(--header-height)+min(200px,max(70px,20svh)))]\" dir=\"auto\" tabindex=\"-1\" data-turn-id=\"request-691c0d97-5328-8324-b42d-9ea59853a488-6\" data-testid=\"conversation-turn-40\" data-scroll-anchor=\"true\" data-turn=\"assistant\"><div class=\"text-base my-auto mx-auto pb-10 [--thread-content-margin:--spacing(4)] thread-sm:[--thread-content-margin:--spacing(6)] thread-lg:[--thread-content-margin:--spacing(16)] px-(--thread-content-margin)\"><div class=\"[--thread-content-max-width:40rem] thread-lg:[--thread-content-max-width:48rem] mx-auto max-w-(--thread-content-max-width) flex-1 group\/turn-messages focus-visible:outline-hidden relative flex w-full min-w-0 flex-col agent-turn\" tabindex=\"-1\"><div class=\"flex max-w-full flex-col grow\"><div class=\"min-h-8 text-message relative flex w-full flex-col items-end gap-2 text-start break-words whitespace-normal [.text-message+&amp;]:mt-1\" dir=\"auto\" data-message-author-role=\"assistant\" data-message-id=\"dd531e54-a431-4aa2-bb24-0872e14ab7a5\" data-message-model-slug=\"gpt-5-1\"><div class=\"flex w-full flex-col gap-1 empty:hidden first:pt-[1px]\"><div class=\"markdown prose dark:prose-invert w-full break-words light markdown-new-styling\"><p data-start=\"0\" data-end=\"104\" data-is-last-node=\"\" data-is-only-node=\"\">Verantwortlich f\u00fcr Buchhaltung, Website und die organisatorischen Abl\u00e4ufe im Hintergrund.\u00a0<\/p><\/div><\/div><\/div><\/div><\/div><\/div><\/article>\t\t\t\t\t\t\t\t<\/div>\n\t\t\t\t<\/div>\n\t\t\t\t<\/div>\n\t\t<div class=\"elementor-element elementor-element-7c515c1 e-con-full e-flex e-con e-child\" data-id=\"7c515c1\" data-element_type=\"container\" data-e-type=\"container\">\n\t\t\t\t<div class=\"elementor-element elementor-element-2b1fe39 elementor-widget elementor-widget-image\" data-id=\"2b1fe39\" data-element_type=\"widget\" data-e-type=\"widget\" data-widget_type=\"image.default\">\n\t\t\t\t<div class=\"elementor-widget-container\">\n\t\t\t\t\t\t\t\t\t\t\t\t\t\t\t<img decoding=\"async\" src=\"https:\/\/dent-tex.com\/wp-content\/uploads\/elementor\/thumbs\/Logo_Neu-1-rlfdgjrsvnj39s9tyczbpxcsic1y5g0m2puh0r49jc.png\" title=\"logo neu.png\" alt=\"logo neu.png\" loading=\"lazy\" \/>\t\t\t\t\t\t\t\t\t\t\t\t\t\t\t<\/div>\n\t\t\t\t<\/div>\n\t\t\t\t<\/div>\n\t\t<div class=\"elementor-element elementor-element-2d876cf e-con-full e-flex e-con e-child\" data-id=\"2d876cf\" data-element_type=\"container\" data-e-type=\"container\" data-settings=\"{&quot;background_background&quot;:&quot;classic&quot;}\">\n\t\t\t\t<div class=\"elementor-element elementor-element-e85ea2d elementor-widget elementor-widget-image-box\" data-id=\"e85ea2d\" data-element_type=\"widget\" data-e-type=\"widget\" data-widget_type=\"image-box.default\">\n\t\t\t\t<div class=\"elementor-widget-container\">\n\t\t\t\t\t<div class=\"elementor-image-box-wrapper\"><div class=\"elementor-image-box-content\"><h5 class=\"elementor-image-box-title\">Tobias - Lackiermeister<\/h5><p class=\"elementor-image-box-description\">Fachliche Leitung im Bereich Lackierung. Steht f\u00fcr pr\u00e4zise Arbeit, saubere Ergebnisse und h\u00f6chste Qualit\u00e4tsstandards.<\/p><\/div><\/div>\t\t\t\t<\/div>\n\t\t\t\t<\/div>\n\t\t\t\t<div class=\"elementor-element elementor-element-d78805a elementor-widget elementor-widget-text-editor\" data-id=\"d78805a\" data-element_type=\"widget\" data-e-type=\"widget\" data-widget_type=\"text-editor.default\">\n\t\t\t\t<div class=\"elementor-widget-container\">\n\t\t\t\t\t\t\t\t\t<p>Sorgt daf\u00fcr, dass jedes Projekt sauber umgesetzt wird &#8211; vom ersten Handgriff bis zum fertigen Ergebnis.\u00a0<\/p>\t\t\t\t\t\t\t\t<\/div>\n\t\t\t\t<\/div>\n\t\t\t\t<\/div>\n\t\t\t\t\t<\/div>\n\t\t\t\t<\/div>\n\t\t<div class=\"elementor-element elementor-element-824b5cc e-flex e-con-boxed e-con e-child\" data-id=\"824b5cc\" data-element_type=\"container\" data-e-type=\"container\">\n\t\t\t\t\t<div class=\"e-con-inner\">\n\t\t<div class=\"elementor-element elementor-element-ead9085 e-con-full e-flex e-con e-child\" data-id=\"ead9085\" data-element_type=\"container\" data-e-type=\"container\" data-settings=\"{&quot;background_background&quot;:&quot;classic&quot;}\">\n\t\t\t\t<div class=\"elementor-element elementor-element-f2960c8 elementor-widget elementor-widget-image-box\" data-id=\"f2960c8\" data-element_type=\"widget\" data-e-type=\"widget\" data-widget_type=\"image-box.default\">\n\t\t\t\t<div class=\"elementor-widget-container\">\n\t\t\t\t\t<div class=\"elementor-image-box-wrapper\"><div class=\"elementor-image-box-content\"><h5 class=\"elementor-image-box-title\">Michele - Fahrzeuglackierer <\/h5><p class=\"elementor-image-box-description\">Erfahren in der Ausf\u00fchrung anspruchsvoller Lackierarbeiten. \n<\/p><\/div><\/div>\t\t\t\t<\/div>\n\t\t\t\t<\/div>\n\t\t\t\t<div class=\"elementor-element elementor-element-b07fbd4 elementor-widget elementor-widget-text-editor\" data-id=\"b07fbd4\" data-element_type=\"widget\" data-e-type=\"widget\" data-widget_type=\"text-editor.default\">\n\t\t\t\t<div class=\"elementor-widget-container\">\n\t\t\t\t\t\t\t\t\t<p>Bringt Fachwissen und Sorgfalt in jedes Projekt ein.\u00a0<\/p>\t\t\t\t\t\t\t\t<\/div>\n\t\t\t\t<\/div>\n\t\t\t\t<\/div>\n\t\t<div class=\"elementor-element elementor-element-31c1f75 e-con-full e-flex e-con e-child\" data-id=\"31c1f75\" data-element_type=\"container\" data-e-type=\"container\">\n\t\t\t\t<div class=\"elementor-element elementor-element-7353840 elementor-widget elementor-widget-image\" data-id=\"7353840\" data-element_type=\"widget\" data-e-type=\"widget\" data-widget_type=\"image.default\">\n\t\t\t\t<div class=\"elementor-widget-container\">\n\t\t\t\t\t\t\t\t\t\t\t\t\t\t\t<img decoding=\"async\" src=\"https:\/\/dent-tex.com\/wp-content\/uploads\/elementor\/thumbs\/Logo_Neu-1-rlfdgjrsvnj39s9tyczbpxcsic1y5g0m2puh0r49jc.png\" title=\"logo neu.png\" alt=\"logo neu.png\" loading=\"lazy\" \/>\t\t\t\t\t\t\t\t\t\t\t\t\t\t\t<\/div>\n\t\t\t\t<\/div>\n\t\t\t\t<\/div>\n\t\t<div class=\"elementor-element elementor-element-f2be796 e-con-full e-flex e-con e-child\" data-id=\"f2be796\" data-element_type=\"container\" data-e-type=\"container\" data-settings=\"{&quot;background_background&quot;:&quot;classic&quot;}\">\n\t\t\t\t<div class=\"elementor-element elementor-element-c050d22 elementor-widget elementor-widget-image-box\" data-id=\"c050d22\" data-element_type=\"widget\" data-e-type=\"widget\" data-widget_type=\"image-box.default\">\n\t\t\t\t<div class=\"elementor-widget-container\">\n\t\t\t\t\t<div class=\"elementor-image-box-wrapper\"><div class=\"elementor-image-box-content\"><h5 class=\"elementor-image-box-title\">Lenny <\/h5><p class=\"elementor-image-box-description\">Mitarbeiter<\/p><\/div><\/div>\t\t\t\t<\/div>\n\t\t\t\t<\/div>\n\t\t\t\t<div class=\"elementor-element elementor-element-79ff55f elementor-widget elementor-widget-text-editor\" data-id=\"79ff55f\" data-element_type=\"widget\" data-e-type=\"widget\" data-widget_type=\"text-editor.default\">\n\t\t\t\t<div class=\"elementor-widget-container\">\n\t\t\t\t\t\t\t\t\t<p>Unterst\u00fctzt das Team im t\u00e4glichen Ablauf und sorgt mit Einsatz und Motivation daf\u00fcr, dass Prozesse reibungslos laufen.\u00a0<\/p>\t\t\t\t\t\t\t\t<\/div>\n\t\t\t\t<\/div>\n\t\t\t\t<\/div>\n\t\t<div class=\"elementor-element elementor-element-e5ee140 e-con-full e-flex e-con e-child\" data-id=\"e5ee140\" data-element_type=\"container\" data-e-type=\"container\">\n\t\t\t\t<div class=\"elementor-element elementor-element-d688cab elementor-widget elementor-widget-image\" data-id=\"d688cab\" data-element_type=\"widget\" data-e-type=\"widget\" data-widget_type=\"image.default\">\n\t\t\t\t<div class=\"elementor-widget-container\">\n\t\t\t\t\t\t\t\t\t\t\t\t\t\t\t<img decoding=\"async\" src=\"https:\/\/dent-tex.com\/wp-content\/uploads\/elementor\/thumbs\/Logo_Neu-1-rlfdgjrsvnj39s9tyczbpxcsic1y5g0m2puh0r49jc.png\" title=\"logo neu.png\" alt=\"logo neu.png\" loading=\"lazy\" \/>\t\t\t\t\t\t\t\t\t\t\t\t\t\t\t<\/div>\n\t\t\t\t<\/div>\n\t\t\t\t<\/div>\n\t\t\t\t\t<\/div>\n\t\t\t\t<\/div>\n\t\t\t\t<\/div>\n\t\t\t\t\t<\/div>\n\t\t\t\t<\/div>\n\t\t\t\t<\/div>\n\t\t","protected":false},"excerpt":{"rendered":"<p>Unser Team Zusammenarbeit, die man merkt. Hinter Dent Tex steht ein eingespieltes Team aus Fachkr\u00e4ften mit einer klaren Haltung: Jeder wei\u00df, was zu tun ist, \u00fcbernimmt Verantwortung f\u00fcr seinen Bereich und hat den Anspruch saubere Arbeiten zu liefern und L\u00f6sungen zu finden die \u00fcber den einzelnen Auftrag hinaus gehen. Wir arbeiten strukturiert, unterst\u00fctzen uns gegenseitig [&hellip;]<\/p>\n","protected":false},"author":1,"featured_media":0,"parent":0,"menu_order":0,"comment_status":"closed","ping_status":"closed","template":"","meta":{"site-sidebar-layout":"no-sidebar","site-content-layout":"page-builder","ast-site-content-layout":"full-width-container","site-content-style":"unboxed","site-sidebar-style":"unboxed","ast-global-header-display":"","ast-banner-title-visibility":"","ast-main-header-display":"","ast-hfb-above-header-display":"","ast-hfb-below-header-display":"","ast-hfb-mobile-header-display":"","site-post-title":"disabled","ast-breadcrumbs-content":"","ast-featured-img":"disabled","footer-sml-layout":"","ast-disable-related-posts":"","theme-transparent-header-meta":"enabled","adv-header-id-meta":"","stick-header-meta":"","header-above-stick-meta":"","header-main-stick-meta":"","header-below-stick-meta":"","astra-migrate-meta-layouts":"set","ast-page-background-enabled":"default","ast-page-background-meta":{"desktop":{"background-color":"","background-image":"","background-repeat":"repeat","background-position":"center center","background-size":"auto","background-attachment":"scroll","background-type":"","background-media":"","overlay-type":"","overlay-color":"","overlay-opacity":"","overlay-gradient":""},"tablet":{"background-color":"","background-image":"","background-repeat":"repeat","background-position":"center center","background-size":"auto","background-attachment":"scroll","background-type":"","background-media":"","overlay-type":"","overlay-color":"","overlay-opacity":"","overlay-gradient":""},"mobile":{"background-color":"","background-image":"","background-repeat":"repeat","background-position":"center center","background-size":"auto","background-attachment":"scroll","background-type":"","background-media":"","overlay-type":"","overlay-color":"","overlay-opacity":"","overlay-gradient":""}},"ast-content-background-meta":{"desktop":{"background-color":"var(--ast-global-color-5)","background-image":"","background-repeat":"repeat","background-position":"center center","background-size":"auto","background-attachment":"scroll","background-type":"","background-media":"","overlay-type":"","overlay-color":"","overlay-opacity":"","overlay-gradient":""},"tablet":{"background-color":"var(--ast-global-color-5)","background-image":"","background-repeat":"repeat","background-position":"center center","background-size":"auto","background-attachment":"scroll","background-type":"","background-media":"","overlay-type":"","overlay-color":"","overlay-opacity":"","overlay-gradient":""},"mobile":{"background-color":"var(--ast-global-color-5)","background-image":"","background-repeat":"repeat","background-position":"center center","background-size":"auto","background-attachment":"scroll","background-type":"","background-media":"","overlay-type":"","overlay-color":"","overlay-opacity":"","overlay-gradient":""}},"footnotes":""},"class_list":["post-230","page","type-page","status-publish","hentry"],"_links":{"self":[{"href":"https:\/\/dent-tex.com\/en\/wp-json\/wp\/v2\/pages\/230","targetHints":{"allow":["GET"]}}],"collection":[{"href":"https:\/\/dent-tex.com\/en\/wp-json\/wp\/v2\/pages"}],"about":[{"href":"https:\/\/dent-tex.com\/en\/wp-json\/wp\/v2\/types\/page"}],"author":[{"embeddable":true,"href":"https:\/\/dent-tex.com\/en\/wp-json\/wp\/v2\/users\/1"}],"replies":[{"embeddable":true,"href":"https:\/\/dent-tex.com\/en\/wp-json\/wp\/v2\/comments?post=230"}],"version-history":[{"count":7,"href":"https:\/\/dent-tex.com\/en\/wp-json\/wp\/v2\/pages\/230\/revisions"}],"predecessor-version":[{"id":3228,"href":"https:\/\/dent-tex.com\/en\/wp-json\/wp\/v2\/pages\/230\/revisions\/3228"}],"wp:attachment":[{"href":"https:\/\/dent-tex.com\/en\/wp-json\/wp\/v2\/media?parent=230"}],"curies":[{"name":"wp","href":"https:\/\/api.w.org\/{rel}","templated":true}]}}